{"id":325,"date":"2011-08-07T03:52:42","date_gmt":"2011-08-07T01:52:42","guid":{"rendered":"http:\/\/fa86.noblogs.org\/?page_id=325"},"modified":"2014-10-11T12:01:47","modified_gmt":"2014-10-11T10:01:47","slug":"agenda-pictave","status":"publish","type":"page","link":"https:\/\/fa86.noblogs.org\/?page_id=325","title":{"rendered":"Agenda"},"content":{"rendered":"<p style=\"text-align: justify\"><strong>Envoyez-nous vos \u00e9v\u00e9nements \u00e0 :<\/strong><\/p>\n<p style=\"text-align: justify\"><strong>fa86 [garobaz] riseup [l\u00e8ve le point ! ] net<\/strong><\/p>\n<p style=\"text-align: justify\">***<\/p>\n<p style=\"text-align: justify\"><a href=\"http:\/\/poitiers.demosphere.eu\/\">http:\/\/poitiers.demosphere.eu\/<\/a><\/p>\n<p style=\"text-align: justify\"><strong>Mercredi 1er octobre, Poitiers, devant le palais d&rsquo;injustice, 18h :<\/strong> rassemblement mensuel de soutien aux migrant.e.s<\/p>\n<p style=\"text-align: justify\"><strong>Mercredi 1er octobre, Poitiers, Plan B, 20H30 : <\/strong>repaire AMG sur le th\u00e8me de la critique des \u00ab\u00a0r\u00e9seaux sociaux\u00a0\u00bb<\/p>\n<p style=\"text-align: justify\"><strong>Jeudi 9 octobre, Poitiers,\u00a0Tribunal de Grande Instance, 14h :<\/strong> <a href=\"http:\/\/dal86.fr\/2014\/09\/12\/poitiers-diffamation-venez-nombreux-soutenir-le-dal86\/\" target=\"_blank\">soutien au DAL 86 (sur le fond), pr\u00e9c\u00e9d\u00e9 \u00e0 13H30 d&rsquo;une conf\u00e9rence de presse en pr\u00e9sence de JB Eyraud porte-parole du DAL f\u00e9d\u00e9ral<\/a><\/p>\n<p style=\"text-align: justify\"><strong>Jeudi 9 octobre, Poitiers, librairie La belle aventure, 18H30 :<\/strong> <a href=\"http:\/\/www.toutpoitiers.com\/agenda\/rencontre-avec-gaetano-manfredonia-histoire-mondiale-de-lanarchie.php\" target=\"_blank\">rencontre avec Gaetano MANFREDONIA autour de la parution de son livre \u201cHistoire mondiale de l\u2019anarchie\u201d<\/a><\/p>\n<p style=\"text-align: justify\"><strong>Vendredi 10 octobre, Poitiers, Biblio-caf\u00e9, 20H30 :<\/strong> <a href=\"http:\/\/www.npa86.org\/spip.php?article3138\" target=\"_blank\">r\u00e9union-d\u00e9bat autour de mai 1968 avec Alain Krivine<\/a><\/p>\n<p style=\"text-align: justify\"><strong>Lundi 13 octobre, Poitiers, devant le LEP Auguste Perret, 12 H :<\/strong> <a href=\"https:\/\/fa86.noblogs.org\/?p=12194\" target=\"_blank\">mobilisation \u00e9l\u00e8ves-enseignants contre l&rsquo;expulsion de Kamel<\/a><\/p>\n<p style=\"text-align: justify\"><strong>Mercredi 15 octobre 2014, Poitiers, Bar Le Plan B, 20H :<\/strong> <a href=\"http:\/\/www.barleplanb.fr\/cafe-politique\/\" target=\"_blank\">caf\u00e9 politique : pourquoi nous d\u00e9sint\u00e9ressons nous autant du d\u00e9bat politique\u00a0?\u00a0<\/a><\/p>\n<p style=\"text-align: justify\"><strong>Mardi 21 octobre, Poitiers, salle Timbaud (rue Saint-Paul), 20h30<\/strong> : <a href=\"http:\/\/www.npa86.org\/spip.php?article3143\" target=\"_blank\">R\u00e9union-publique\u00a0: Grand March\u00e9 Transatlantique. Une menace pour demain\u00a0!<\/a><\/p>\n","protected":false},"excerpt":{"rendered":"<p>Envoyez-nous vos \u00e9v\u00e9nements \u00e0 : fa86 [garobaz] riseup [l\u00e8ve le point ! ] net *** http:\/\/poitiers.demosphere.eu\/ Mercredi 1er octobre, Poitiers, devant le palais d&rsquo;injustice, 18h : rassemblement mensuel de soutien aux migrant.e.s Mercredi 1er octobre, Poitiers, Plan B, 20H30 : repaire AMG sur le th\u00e8me de la critique des \u00ab\u00a0r\u00e9seaux sociaux\u00a0\u00bb Jeudi 9 octobre, Poitiers,\u00a0Tribunal &hellip; <a href=\"https:\/\/fa86.noblogs.org\/?page_id=325\" class=\"more-link\">Continuer la lecture de <span class=\"screen-reader-text\">Agenda<\/span> <span class=\"meta-nav\">&rarr;<\/span><\/a><\/p>\n","protected":false},"author":2691,"featured_media":0,"parent":0,"menu_order":0,"comment_status":"open","ping_status":"open","template":"","meta":{"footnotes":""},"class_list":["post-325","page","type-page","status-publish","hentry"],"_links":{"self":[{"href":"https:\/\/fa86.noblogs.org\/index.php?rest_route=\/wp\/v2\/pages\/325","targetHints":{"allow":["GET"]}}],"collection":[{"href":"https:\/\/fa86.noblogs.org\/index.php?rest_route=\/wp\/v2\/pages"}],"about":[{"href":"https:\/\/fa86.noblogs.org\/index.php?rest_route=\/wp\/v2\/types\/page"}],"author":[{"embeddable":true,"href":"https:\/\/fa86.noblogs.org\/index.php?rest_route=\/wp\/v2\/users\/2691"}],"replies":[{"embeddable":true,"href":"https:\/\/fa86.noblogs.org\/index.php?rest_route=%2Fwp%2Fv2%2Fcomments&post=325"}],"version-history":[{"count":391,"href":"https:\/\/fa86.noblogs.org\/index.php?rest_route=\/wp\/v2\/pages\/325\/revisions"}],"predecessor-version":[{"id":12199,"href":"https:\/\/fa86.noblogs.org\/index.php?rest_route=\/wp\/v2\/pages\/325\/revisions\/12199"}],"wp:attachment":[{"href":"https:\/\/fa86.noblogs.org\/index.php?rest_route=%2Fwp%2Fv2%2Fmedia&parent=325"}],"curies":[{"name":"wp","href":"https:\/\/api.w.org\/{rel}","templated":true}]}}